{"id":53,"date":"2023-02-26T13:38:06","date_gmt":"2023-02-26T12:38:06","guid":{"rendered":"https:\/\/jaroma.com.pl\/en\/polityka-prywatnosci\/"},"modified":"2023-02-26T13:38:11","modified_gmt":"2023-02-26T12:38:11","slug":"polityka-prywatnosci","status":"publish","type":"page","link":"https:\/\/jaroma.com.pl\/en\/polityka-prywatnosci\/","title":{"rendered":"Polityka prywatno\u015bci"},"content":{"rendered":"<!--[fluid]--><!--{content}--><!--[html]--><style><\/style><div class=\"bd-tagstyles  additional-class-1564598315 bd-page-width \"><div class=\"bd-container-inner bd-content-element\"><!--{content}--><!-- wp:themeisle-blocks\/advanced-columns {\"id\":\"wp-block-themeisle-blocks-advanced-columns-7e4f14b9\",\"columns\":1,\"layout\":\"equal\"} -->\n<div id=\"wp-block-themeisle-blocks-advanced-columns-7e4f14b9\" class=\"wp-block-themeisle-blocks-advanced-columns has-1-columns has-desktop-equal-layout has-tablet-equal-layout has-mobile-equal-layout has-vertical-unset\"><div class=\"wp-block-themeisle-blocks-advanced-columns-overlay\"><\/div><div class=\"innerblocks-wrap\"><!-- wp:themeisle-blocks\/advanced-column {\"id\":\"wp-block-themeisle-blocks-advanced-column-f87498ef\",\"columnWidth\":\"100\"} -->\n<div id=\"wp-block-themeisle-blocks-advanced-column-f87498ef\" class=\"wp-block-themeisle-blocks-advanced-column\"><!-- wp:heading -->\n<h2>Polityka prywatno\u015bci strony internetowej<br>www.jaroma.com.pl<\/h2>\n<!-- \/wp:heading -->\n\n<!-- wp:paragraph -->\n<p><strong>a. POSTANOWIENIA OG\u00d3LNE<\/strong><\/p>\n<!-- \/wp:paragraph -->\n\n<!-- wp:paragraph -->\n<p>2. Administratorem danych osobowych zbieranych za po\u015brednictwem strony internetowej www.jaroma.com.pl jest JAROMA MASZYNY SP. Z O.O., adres siedziby: ZACISZNA 9 63-200 JAROCIN, adres do dor\u0119cze\u0144: ZACISZNA 9 63-200 JAROCIN, wpisan\u0105 do rejestru przedsi\u0119biorc\u00f3w pod numerem KRS: 0000778710, NIP: 6172215830, REGON: 382961574, posiadaj\u0105c\u0105 kapita\u0142 zak\u0142adowy w kwocie: 5000PLN, adres poczty elektronicznej: mwjaroma@wp.pl dalej \u201eAdministrator\u201d, b\u0119d\u0105ca jednocze\u015bnie Us\u0142ugodawc\u0105. , miejsce wykonywania dzia\u0142alno\u015bci: ZACISZNA 9 63-200 JAROCIN, adres do dor\u0119cze\u0144: ZACISZNA 9 63-200 JAROCIN, NIP: 6172215830, REGON: 382961574, adres poczty elektronicznej (e-mail): mwjaroma@wp.pl, zwany\/a dalej \"Administratorem\".<br>3. Dane osobowe zbierane przez Administratora za po\u015brednictwem strony internetowej s\u0105 przetwarzane zgodnie z Rozporz\u0105dzeniem Parlamentu Europejskiego i Rady (UE) 2016\/679 z dnia 27 kwietnia 2016 r. w sprawie ochrony os\u00f3b fizycznych w zwi\u0105zku z przetwarzaniem danych osobowych i w sprawie swobodnego przep\u0142ywu takich danych oraz uchylenia dyrektywy 95\/46\/WE (og\u00f3lne rozporz\u0105dzenie o ochronie danych), zwane dalej RODO oraz ustaw\u0105 o ochronie danych osobowych z dnia 10 maja 2018 r.<br><strong>a. RODZAJ PRZETWARZANYCH DANYCH OSOBOWYCH, CEL I ZAKRES ZBIERANIA DANYCH<\/strong><br><strong>4. CEL PRZETWARZANIA I PODSTAWA PRAWNA. <\/strong><br>Administrator przetwarza dane osobowe za po\u015brednictwem strony www.jaroma.com.pl w przypadku:<br>a. skorzystania przez u\u017cytkownika z formularza kontaktowego.<br>Dane osobowe s\u0105 przetwarzane na podstawie art. 6 ust. 1 lit. f) RODO jako prawnie usprawiedliwiony interes Administratora.<br><strong>5. RODZAJ PRZETWARZANYCH DANYCH OSOBOWYCH. <\/strong><br>Administrator przetwarza nast\u0119puj\u0105ce kategorie danych osobowych u\u017cytkownika:<br>a. Imi\u0119 i nazwisko,<br>b. Adres e-mail,<br><strong>6. OKRES ARCHIWIZACJI DANYCH OSOBOWYCH. <\/strong><br>Dane osobowe u\u017cytkownik\u00f3w przechowywane s\u0105 przez Administratora:<br>a. w przypadku, gdy podstaw\u0105 przetwarzania danych jest wykonanie umowy, tak d\u0142ugo, jak jest to niezb\u0119dne do wykonania umowy, a po tym czasie przez okres odpowiadaj\u0105cy okresowi przedawnienia roszcze\u0144. Je\u017celi przepis szczeg\u00f3lny nie stanowi inaczej, termin przedawnienia wynosi lat sze\u015b\u0107, a dla roszcze\u0144 o \u015bwiadczenia okresowe oraz roszcze\u0144 zwi\u0105zanych z prowadzeniem dzia\u0142alno\u015bci gospodarczej - trzy lata.<br>b. w przypadku, gdy podstaw\u0105 przetwarzania danych jest zgoda, tak d\u0142ugo, a\u017c zgoda nie zostanie odwo\u0142ana, a po odwo\u0142aniu zgody przez okres czasu odpowiadaj\u0105cy okresowi przedawnienia roszcze\u0144 jakie mo\u017ce podnosi\u0107 Administrator i jakie mog\u0105 by\u0107 podnoszone wobec niego. Je\u017celi przepis<br>szczeg\u00f3lny nie stanowi inaczej, termin przedawnienia wynosi lat sze\u015b\u0107, a dla roszcze\u0144 o \u015bwiadczenia okresowe oraz roszcze\u0144 zwi\u0105zanych z prowadzeniem dzia\u0142alno\u015bci gospodarczej - trzy lata.<br>7. Podczas korzystania ze strony internetowej mog\u0105 by\u0107 pobierane dodatkowe informacje, w szczeg\u00f3lno\u015bci: adres IP przypisany do komputera u\u017cytkownika lub zewn\u0119trzny adres IP dostawcy<br>Internetu, nazwa domeny, rodzaj przegl\u0105darki, czas dost\u0119pu, typ systemu operacyjnego.<br>8. Od u\u017cytkownik\u00f3w mog\u0105 by\u0107 tak\u017ce gromadzone dane nawigacyjne, w tym informacje o linkach i odno\u015bnikach, w kt\u00f3re zdecyduj\u0105 si\u0119 klikn\u0105\u0107 lub innych czynno\u015bciach, podejmowanych na stronie<br>internetowej. Podstaw\u0105 prawn\u0105 tego rodzaju czynno\u015bci jest prawnie uzasadniony interes Administratora (art. 6 ust. 1 lit. f RODO), polegaj\u0105cy na u\u0142atwieniu korzystania z us\u0142ug \u015bwiadczonych drog\u0105<br>elektroniczn\u0105 oraz na poprawie funkcjonalno\u015bci tych us\u0142ug.<br>9. Podanie danych osobowych przez u\u017cytkownika jest dobrowolne.<br>10. Dane osobowe b\u0119d\u0105 przetwarzane tak\u017ce w spos\u00f3b zautomatyzowany w formie profilowania, o ile u\u017cytkownik wyrazi na to zgod\u0119 na podstawie art. 6 ust. 1 lit. a) RODO. Konsekwencj\u0105 profilowania b\u0119dzie przypisanie danej osobie profilu w celu podejmowania dotycz\u0105cych jej decyzji b\u0105d\u017a analizy lub przewidywania jej preferencji, zachowa\u0144 i postaw.<br>11. Administrator dok\u0142ada szczeg\u00f3lnej staranno\u015bci w celu ochrony interes\u00f3w os\u00f3b, kt\u00f3rych dane dotycz\u0105, a w szczeg\u00f3lno\u015bci zapewnia, \u017ce zbierane przez niego dane s\u0105:<br>a. przetwarzane zgodnie z prawem,<br>b. zbierane dla oznaczonych, zgodnych z prawem cel\u00f3w i niepoddawane dalszemu przetwarzaniu niezgodnemu z tymi celami,<br>c. merytorycznie poprawne i adekwatne w stosunku do cel\u00f3w, w jakich s\u0105 przetwarzane oraz przechowywane w postaci umo\u017cliwiaj\u0105cej identyfikacj\u0119 os\u00f3b, kt\u00f3rych dotycz\u0105, nie d\u0142u\u017cej ni\u017c jest to niezb\u0119dne do osi\u0105gni\u0119cia celu przetwarzania.<\/p>\n<!-- \/wp:paragraph -->\n\n<!-- wp:paragraph -->\n<p><strong>a. UDOST\u0118PNIENIE DANYCH OSOBOWYCH<\/strong><\/p>\n<!-- \/wp:paragraph -->\n\n<!-- wp:paragraph -->\n<p>12. Dane osobowe u\u017cytkownik\u00f3w przekazywane s\u0105 dostawcom us\u0142ug, z kt\u00f3rych korzysta Administrator przy prowadzeniu strony internetowej. Dostawcy us\u0142ug, kt\u00f3rym przekazywane s\u0105 dane osobowe, w zale\u017cno\u015bci od uzgodnie\u0144 umownych i okoliczno\u015bci, albo podlegaj\u0105 poleceniom Administratora co do cel\u00f3w i sposob\u00f3w przetwarzania tych danych (podmioty przetwarzaj\u0105ce) albo samodzielnie okre\u015blaj\u0105 cele i sposoby ich przetwarzania (administratorzy).<br>13. Dane osobowe u\u017cytkownik\u00f3w s\u0105 przechowywane wy\u0142\u0105cznie na<br>terenie Europejskiego Obszaru Gospodarczego (EOG).<\/p>\n<!-- \/wp:paragraph -->\n\n<!-- wp:paragraph -->\n<p><strong>a. PRAWO KONTROLI, DOST\u0118PU DO TRE\u015aCI W\u0141ASNYCH DANYCH ORAZ ICH POPRAWIANIA<\/strong><br>14. Osoba, kt\u00f3rej dane dotycz\u0105, ma prawo dost\u0119pu do tre\u015bci swoich danych osobowych oraz prawo ich sprostowania, usuni\u0119cia, ograniczenia przetwarzania, prawo do przenoszenia danych, prawo wniesienia sprzeciwu, prawo do cofni\u0119cia zgody w dowolnym momencie bez wp\u0142ywu na zgodno\u015b\u0107 z prawem przetwarzania, kt\u00f3rego dokonano na podstawie zgody przed jej cofni\u0119ciem.<br>15. Podstawy prawne \u017c\u0105dania u\u017cytkownika:<br>a. Dost\u0119p do danych \u2013 art. 15 RODO<br>b. Sprostowanie danych \u2013 art. 16 RODO.<br>c. Usuni\u0119cie danych (tzw. prawo do bycia zapomnianym) \u2013 art. 17 RODO.<br>d. Ograniczenie przetwarzania \u2013 art. 18 RODO.<br>e. Przeniesienie danych \u2013 art. 20 RODO.<br>f. Sprzeciw \u2013 art. 21 RODO<br>g. Cofni\u0119cie zgody \u2013 art. 7 ust. 3 RODO.<br>16. W celu realizacji uprawnie\u0144, o kt\u00f3rych mowa w pkt 2 mo\u017cna wys\u0142a\u0107 stosown\u0105 wiadomo\u015b\u0107 e-mail na adres: mwjaroma@wp.pl.<br>17. W sytuacji wyst\u0105pienia przez u\u017cytkownika z uprawnieniem wynikaj\u0105cym z powy\u017cszych praw, Administrator spe\u0142nia \u017c\u0105danie albo odmawia jego spe\u0142nienia niezw\u0142ocznie, nie p\u00f3\u017aniej jednak ni\u017c w ci\u0105gu miesi\u0105ca po jego otrzymaniu. Je\u017celi jednak - z uwagi na skomplikowany charakter \u017c\u0105dania lub liczb\u0119 \u017c\u0105da\u0144 \u2013 Administrator nie b\u0119dzie m\u00f3g\u0142 spe\u0142ni\u0107 \u017c\u0105dania w ci\u0105gu miesi\u0105ca, spe\u0142ni je w ci\u0105gu kolejnych dw\u00f3ch miesi\u0119cy informuj\u0105c u\u017cytkownika uprzednio w terminie miesi\u0105ca od otrzymania \u017c\u0105dania - o zamierzonym przed\u0142u\u017ceniu terminu oraz jego przyczynach.<br>18. W przypadku stwierdzenia, \u017ce przetwarzanie danych osobowych narusza przepisy RODO, osoba, kt\u00f3rej dane dotycz\u0105, ma prawo wnie\u015b\u0107 skarg\u0119 do Prezesa Urz\u0119du Ochrony Danych Osobowych.<\/p>\n<!-- \/wp:paragraph -->\n\n<!-- wp:paragraph -->\n<p><strong>a. PLIKI \"COOKIES\"<\/strong><\/p>\n<!-- \/wp:paragraph -->\n\n<!-- wp:paragraph -->\n<p>19. Strona Administratora u\u017cywa plik\u00f3w \u201ecookies\u201d.<br>20. Instalacja plik\u00f3w \u201ecookies\u201d jest konieczna do prawid\u0142owego \u015bwiadczenia us\u0142ug na stronie internetowej. W plikach \u201ecookies\" znajduj\u0105 si\u0119 informacje niezb\u0119dne do prawid\u0142owego funkcjonowania strony, a tak\u017ce daj\u0105 one tak\u017ce mo\u017cliwo\u015b\u0107 opracowywania og\u00f3lnych statystyk odwiedzin strony internetowej.<br>21. W ramach strony stosowane s\u0105 rodzaje plik\u00f3w \"cookies\": sesyjne i sta\u0142e<br>a. \u201eCookies\u201d \u201esesyjne\u201d s\u0105 plikami tymczasowymi, kt\u00f3re przechowywane s\u0105 w urz\u0105dzeniu ko\u0144cowym u\u017cytkownika do czasu wylogowania (opuszczenia strony).<br>b. \u201eSta\u0142e\u201d pliki \u201ecookies\u201d przechowywane s\u0105 w urz\u0105dzeniu ko\u0144cowym u\u017cytkownika przez czas okre\u015blony w parametrach plik\u00f3w \u201ecookies\u201d lub do czasu ich usuni\u0119cia przez u\u017cytkownika.<br>22. Administrator wykorzystuje w\u0142asne pliki cookies w celu lepszego poznania sposobu interakcji u\u017cytkownika w zakresie zawarto\u015bci strony. Pliki gromadz\u0105 informacje o sposobie korzystania ze strony<br>internetowej przez u\u017cytkownika, typie strony, z jakiej u\u017cytkownik zosta\u0142 przekierowany oraz liczbie odwiedzin i czasie wizyty u\u017cytkownika na stronie internetowej. Informacje te nie rejestruj\u0105<br>konkretnych danych osobowych u\u017cytkownika, lecz s\u0142u\u017c\u0105 do opracowania statystyk korzystania ze strony.<br>23. U\u017cytkownik ma prawo zadecydowania w zakresie dost\u0119pu plik\u00f3w \u201ecookies\u201d do swojego komputera poprzez ich uprzedni wyb\u00f3r w oknie swojej przegl\u0105darki. Szczeg\u00f3\u0142owe informacje o mo\u017cliwo\u015bci i<br>sposobach obs\u0142ugi plik\u00f3w \u201ecookies\u201d dost\u0119pne s\u0105 w ustawieniach oprogramowania (przegl\u0105darki internetowej).<br><strong>a. POSTANOWIENIA KO\u0143COWE<\/strong><\/p>\n<!-- \/wp:paragraph -->\n\n<!-- wp:paragraph -->\n<p>24. Administrator stosuje \u015brodki techniczne i organizacyjne zapewniaj\u0105ce ochron\u0119 przetwarzanych danych osobowych odpowiedni\u0105 do zagro\u017ce\u0144 oraz kategorii danych obj\u0119tych ochron\u0105, a w szczeg\u00f3lno\u015bci zabezpiecza dane przed ich udost\u0119pnieniem osobom nieupowa\u017cnionym, zabraniem przez osob\u0119 nieuprawnion\u0105, przetwarzaniem z naruszeniem obowi\u0105zuj\u0105cych przepis\u00f3w oraz zmian\u0105, utrat\u0105, uszkodzeniem lub zniszczeniem.<br>25. Administrator udost\u0119pnia odpowiednie \u015brodki techniczne zapobiegaj\u0105ce pozyskiwaniu i modyfikowaniu przez osoby nieuprawnione, danych osobowych przesy\u0142anych drog\u0105 elektroniczn\u0105.<br>26. W sprawach nieuregulowanych niniejsz\u0105 Polityk\u0105 prywatno\u015bci stosuje si\u0119 odpowiednio przepisy RODO oraz inne w\u0142a\u015bciwe przepisy prawa polskiego.<\/p>\n<!-- \/wp:paragraph --><\/div>\n<!-- \/wp:themeisle-blocks\/advanced-column --><\/div><\/div>\n<!-- \/wp:themeisle-blocks\/advanced-columns --><!--{\/content}--><\/div><\/div><!--[\/html]--><!--{\/content}--><!--[\/fluid]-->\n    <!--[section]-->\n\t\t\t\t<section id=section4 class=\" bd-section-31030895  bd-tagstyles\" data-section-title=\"One \u0421olumn\">\n\t\t\t<div class=\"bd-container-inner bd-margins clearfix\">\n\t\t\t\t<!--{content}-->\n\t\t\t\t\t\t\t\t\t<!--{\/content}-->\n\t\t\t<\/div>\n\t\t<\/section>\n\t<!--[\/section]-->\n\n","protected":false},"excerpt":{"rendered":"","protected":false},"author":1,"featured_media":0,"parent":0,"menu_order":6,"comment_status":"closed","ping_status":"closed","template":"","meta":{"footnotes":""},"class_list":["post-53","page","type-page","status-publish","hentry"],"yoast_head":"<!-- This site is optimized with the Yoast SEO plugin v26.9 - https:\/\/yoast.com\/product\/yoast-seo-wordpress\/ -->\n<title>Polityka prywatno\u015bci - JAROMA MASZYNY SP. Z O.O. - Producer of woodworking and metalworking machines.<\/title>\n<meta name=\"robots\" content=\"index, follow, max-snippet:-1, max-image-preview:large, max-video-preview:-1\" \/>\n<link rel=\"canonical\" href=\"https:\/\/jaroma.com.pl\/en\/polityka-prywatnosci\/\" \/>\n<meta property=\"og:locale\" content=\"pl_PL\" \/>\n<meta property=\"og:type\" content=\"article\" \/>\n<meta property=\"og:title\" content=\"Polityka prywatno\u015bci - JAROMA MASZYNY SP. Z O.O. - Producer of woodworking and metalworking machines.\" \/>\n<meta property=\"og:url\" content=\"https:\/\/jaroma.com.pl\/en\/polityka-prywatnosci\/\" \/>\n<meta property=\"og:site_name\" content=\"JAROMA MASZYNY SP. Z O.O. - Producer of woodworking and metalworking machines.\" \/>\n<meta property=\"article:modified_time\" content=\"2023-02-26T12:38:11+00:00\" \/>\n<meta name=\"twitter:card\" content=\"summary_large_image\" \/>\n<meta name=\"twitter:label1\" content=\"Szacowany czas czytania\" \/>\n\t<meta name=\"twitter:data1\" content=\"7 minut\" \/>\n<script type=\"application\/ld+json\" class=\"yoast-schema-graph\">{\"@context\":\"https:\/\/schema.org\",\"@graph\":[{\"@type\":\"WebPage\",\"@id\":\"https:\/\/jaroma.com.pl\/en\/polityka-prywatnosci\/\",\"url\":\"https:\/\/jaroma.com.pl\/en\/polityka-prywatnosci\/\",\"name\":\"Polityka prywatno\u015bci - JAROMA MASZYNY SP. Z O.O. - Producer of woodworking and metalworking machines.\",\"isPartOf\":{\"@id\":\"https:\/\/jaroma.com.pl\/en\/#website\"},\"datePublished\":\"2023-02-26T12:38:06+00:00\",\"dateModified\":\"2023-02-26T12:38:11+00:00\",\"breadcrumb\":{\"@id\":\"https:\/\/jaroma.com.pl\/en\/polityka-prywatnosci\/#breadcrumb\"},\"inLanguage\":\"pl-PL\",\"potentialAction\":[{\"@type\":\"ReadAction\",\"target\":[\"https:\/\/jaroma.com.pl\/en\/polityka-prywatnosci\/\"]}]},{\"@type\":\"BreadcrumbList\",\"@id\":\"https:\/\/jaroma.com.pl\/en\/polityka-prywatnosci\/#breadcrumb\",\"itemListElement\":[{\"@type\":\"ListItem\",\"position\":1,\"name\":\"Strona g\u0142\u00f3wna\",\"item\":\"https:\/\/jaroma.com.pl\/en\/\"},{\"@type\":\"ListItem\",\"position\":2,\"name\":\"Polityka prywatno\u015bci\"}]},{\"@type\":\"WebSite\",\"@id\":\"https:\/\/jaroma.com.pl\/en\/#website\",\"url\":\"https:\/\/jaroma.com.pl\/en\/\",\"name\":\"JAROMA MASZYNY SP. Z O.O. - Producer of woodworking and metalworking machines.\",\"description\":\"Recognized leader in production of woodworking &amp; metalworking machines.\",\"potentialAction\":[{\"@type\":\"SearchAction\",\"target\":{\"@type\":\"EntryPoint\",\"urlTemplate\":\"https:\/\/jaroma.com.pl\/en\/?s={search_term_string}\"},\"query-input\":{\"@type\":\"PropertyValueSpecification\",\"valueRequired\":true,\"valueName\":\"search_term_string\"}}],\"inLanguage\":\"pl-PL\"}]}<\/script>\n<!-- \/ Yoast SEO plugin. -->","yoast_head_json":{"title":"Polityka prywatno\u015bci - JAROMA MASZYNY SP. Z O.O. - Producer of woodworking and metalworking machines.","robots":{"index":"index","follow":"follow","max-snippet":"max-snippet:-1","max-image-preview":"max-image-preview:large","max-video-preview":"max-video-preview:-1"},"canonical":"https:\/\/jaroma.com.pl\/en\/polityka-prywatnosci\/","og_locale":"pl_PL","og_type":"article","og_title":"Polityka prywatno\u015bci - JAROMA MASZYNY SP. Z O.O. - Producer of woodworking and metalworking machines.","og_url":"https:\/\/jaroma.com.pl\/en\/polityka-prywatnosci\/","og_site_name":"JAROMA MASZYNY SP. Z O.O. - Producer of woodworking and metalworking machines.","article_modified_time":"2023-02-26T12:38:11+00:00","twitter_card":"summary_large_image","twitter_misc":{"Szacowany czas czytania":"7 minut"},"schema":{"@context":"https:\/\/schema.org","@graph":[{"@type":"WebPage","@id":"https:\/\/jaroma.com.pl\/en\/polityka-prywatnosci\/","url":"https:\/\/jaroma.com.pl\/en\/polityka-prywatnosci\/","name":"Polityka prywatno\u015bci - JAROMA MASZYNY SP. Z O.O. - Producer of woodworking and metalworking machines.","isPartOf":{"@id":"https:\/\/jaroma.com.pl\/en\/#website"},"datePublished":"2023-02-26T12:38:06+00:00","dateModified":"2023-02-26T12:38:11+00:00","breadcrumb":{"@id":"https:\/\/jaroma.com.pl\/en\/polityka-prywatnosci\/#breadcrumb"},"inLanguage":"pl-PL","potentialAction":[{"@type":"ReadAction","target":["https:\/\/jaroma.com.pl\/en\/polityka-prywatnosci\/"]}]},{"@type":"BreadcrumbList","@id":"https:\/\/jaroma.com.pl\/en\/polityka-prywatnosci\/#breadcrumb","itemListElement":[{"@type":"ListItem","position":1,"name":"Strona g\u0142\u00f3wna","item":"https:\/\/jaroma.com.pl\/en\/"},{"@type":"ListItem","position":2,"name":"Polityka prywatno\u015bci"}]},{"@type":"WebSite","@id":"https:\/\/jaroma.com.pl\/en\/#website","url":"https:\/\/jaroma.com.pl\/en\/","name":"JAROMA MASZYNY SP. Z O.O. - Producer of woodworking and metalworking machines.","description":"Recognized leader in production of woodworking &amp; metalworking machines.","potentialAction":[{"@type":"SearchAction","target":{"@type":"EntryPoint","urlTemplate":"https:\/\/jaroma.com.pl\/en\/?s={search_term_string}"},"query-input":{"@type":"PropertyValueSpecification","valueRequired":true,"valueName":"search_term_string"}}],"inLanguage":"pl-PL"}]}},"rttpg_featured_image_url":null,"rttpg_author":{"display_name":"admin","author_link":"https:\/\/jaroma.com.pl\/en\/author\/admin\/"},"rttpg_comment":0,"rttpg_category":null,"rttpg_excerpt":null,"_links":{"self":[{"href":"https:\/\/jaroma.com.pl\/en\/wp-json\/wp\/v2\/pages\/53","targetHints":{"allow":["GET"]}}],"collection":[{"href":"https:\/\/jaroma.com.pl\/en\/wp-json\/wp\/v2\/pages"}],"about":[{"href":"https:\/\/jaroma.com.pl\/en\/wp-json\/wp\/v2\/types\/page"}],"author":[{"embeddable":true,"href":"https:\/\/jaroma.com.pl\/en\/wp-json\/wp\/v2\/users\/1"}],"replies":[{"embeddable":true,"href":"https:\/\/jaroma.com.pl\/en\/wp-json\/wp\/v2\/comments?post=53"}],"version-history":[{"count":1,"href":"https:\/\/jaroma.com.pl\/en\/wp-json\/wp\/v2\/pages\/53\/revisions"}],"predecessor-version":[{"id":77,"href":"https:\/\/jaroma.com.pl\/en\/wp-json\/wp\/v2\/pages\/53\/revisions\/77"}],"wp:attachment":[{"href":"https:\/\/jaroma.com.pl\/en\/wp-json\/wp\/v2\/media?parent=53"}],"curies":[{"name":"wp","href":"https:\/\/api.w.org\/{rel}","templated":true}]}}